{"id":67,"date":"2022-06-28T16:06:14","date_gmt":"2022-06-28T14:06:14","guid":{"rendered":"https:\/\/olla-la.fr\/?post_type=product&#038;p=67"},"modified":"2022-06-28T16:06:14","modified_gmt":"2022-06-28T14:06:14","slug":"kamala","status":"publish","type":"product","link":"https:\/\/olla-la.fr\/index.php\/produit\/kamala\/","title":{"rendered":"Kamala"},"content":{"rendered":"<p style=\"text-align: center;\">String ferm\u00e9 d&#8217;exception. Chaque paillette ou sequin est pos\u00e9 \u00e0 la main.<br \/>\nArticle haute couture, dans les &#8220;collectors&#8221; Lola Luna<\/p>\n","protected":false},"excerpt":{"rendered":"<p>String ferm\u00e9 d&#8217;exception. Chaque paillette ou sequin est pos\u00e9 \u00e0 la main. Article haute couture, dans les &#8220;collectors&#8221; Lola Luna<\/p>\n","protected":false},"featured_media":70,"comment_status":"open","ping_status":"closed","template":"","meta":{"_et_pb_use_builder":"","_et_pb_old_content":"","_et_gb_content_width":""},"product_cat":[23,24,26],"product_tag":[],"class_list":["post-67","product","type-product","status-publish","has-post-thumbnail","hentry","product_cat-lola-luna","product_cat-string","product_cat-string-ferme"],"_links":{"self":[{"href":"https:\/\/olla-la.fr\/index.php\/wp-json\/wp\/v2\/product\/67","targetHints":{"allow":["GET"]}}],"collection":[{"href":"https:\/\/olla-la.fr\/index.php\/wp-json\/wp\/v2\/product"}],"about":[{"href":"https:\/\/olla-la.fr\/index.php\/wp-json\/wp\/v2\/types\/product"}],"replies":[{"embeddable":true,"href":"https:\/\/olla-la.fr\/index.php\/wp-json\/wp\/v2\/comments?post=67"}],"wp:featuredmedia":[{"embeddable":true,"href":"https:\/\/olla-la.fr\/index.php\/wp-json\/wp\/v2\/media\/70"}],"wp:attachment":[{"href":"https:\/\/olla-la.fr\/index.php\/wp-json\/wp\/v2\/media?parent=67"}],"wp:term":[{"taxonomy":"product_cat","embeddable":true,"href":"https:\/\/olla-la.fr\/index.php\/wp-json\/wp\/v2\/product_cat?post=67"},{"taxonomy":"product_tag","embeddable":true,"href":"https:\/\/olla-la.fr\/index.php\/wp-json\/wp\/v2\/product_tag?post=67"}],"curies":[{"name":"wp","href":"https:\/\/api.w.org\/{rel}","templated":true}]}}