{"id":71,"date":"2022-06-28T16:08:56","date_gmt":"2022-06-28T14:08:56","guid":{"rendered":"https:\/\/olla-la.fr\/?post_type=product&#038;p=71"},"modified":"2024-11-11T02:49:32","modified_gmt":"2024-11-11T01:49:32","slug":"belize","status":"publish","type":"product","link":"https:\/\/olla-la.fr\/index.php\/produit\/belize\/","title":{"rendered":"B\u00e9lize"},"content":{"rendered":"<p style=\"text-align: center;\">Ensemble String et Soutien Gorge, r\u00e9alis\u00e9 dans un superbe dentelle rebrod\u00e9e \u00e0 l&#8217;aiguille, manuellement.<br \/>\nLes fleurs sont en soie \u00e0 effet d\u00e9chir\u00e9<br \/>\n3 strings coordonn\u00e9s : Ouvert, mini ou classique.<\/p>\n","protected":false},"excerpt":{"rendered":"<p>Ensemble String et Soutien Gorge, r\u00e9alis\u00e9 dans un superbe dentelle rebrod\u00e9e \u00e0 l&#8217;aiguille, manuellement. Les fleurs sont en soie \u00e0 effet d\u00e9chir\u00e9 3 strings coordonn\u00e9s : Ouvert, mini ou classique.<\/p>\n","protected":false},"featured_media":75,"comment_status":"open","ping_status":"closed","template":"","meta":{"_et_pb_use_builder":"","_et_pb_old_content":"","_et_gb_content_width":""},"product_cat":[28,23],"product_tag":[],"class_list":["post-71","product","type-product","status-publish","has-post-thumbnail","hentry","product_cat-ensemble","product_cat-lola-luna"],"_links":{"self":[{"href":"https:\/\/olla-la.fr\/index.php\/wp-json\/wp\/v2\/product\/71","targetHints":{"allow":["GET"]}}],"collection":[{"href":"https:\/\/olla-la.fr\/index.php\/wp-json\/wp\/v2\/product"}],"about":[{"href":"https:\/\/olla-la.fr\/index.php\/wp-json\/wp\/v2\/types\/product"}],"replies":[{"embeddable":true,"href":"https:\/\/olla-la.fr\/index.php\/wp-json\/wp\/v2\/comments?post=71"}],"wp:featuredmedia":[{"embeddable":true,"href":"https:\/\/olla-la.fr\/index.php\/wp-json\/wp\/v2\/media\/75"}],"wp:attachment":[{"href":"https:\/\/olla-la.fr\/index.php\/wp-json\/wp\/v2\/media?parent=71"}],"wp:term":[{"taxonomy":"product_cat","embeddable":true,"href":"https:\/\/olla-la.fr\/index.php\/wp-json\/wp\/v2\/product_cat?post=71"},{"taxonomy":"product_tag","embeddable":true,"href":"https:\/\/olla-la.fr\/index.php\/wp-json\/wp\/v2\/product_tag?post=71"}],"curies":[{"name":"wp","href":"https:\/\/api.w.org\/{rel}","templated":true}]}}